{"id":38,"date":"2025-08-13T18:12:32","date_gmt":"2025-08-13T16:12:32","guid":{"rendered":"https:\/\/gbarone.isialab.it\/lets_festival_2025\/?page_id=38"},"modified":"2025-09-15T18:33:03","modified_gmt":"2025-09-15T16:33:03","slug":"contattaci","status":"publish","type":"page","link":"https:\/\/gbarone.isialab.it\/lets_festival_2025\/contattaci\/","title":{"rendered":"CONTATTACI"},"content":{"rendered":"\n<div class=\"wp-block-uagb-container uagb-block-08ec9a2d alignfull uagb-is-root-container\"><div class=\"uagb-container-inner-blocks-wrap\">\n<div class=\"wp-block-getwid-advanced-heading\"><h1 class=\"wp-block-getwid-advanced-heading__content\" style=\"text-align:center\">CONTATTACI<\/h1><\/div>\n\n\n\n<div class=\"wp-block-getwid-advanced-heading\"><h4 class=\"wp-block-getwid-advanced-heading__content\" style=\"text-align:center;font-weight:600;margin-left:10px;margin-right:10px\">LET\u2019S non \u00e8 solo un palco, \u00e8 un ecosistema. \u00c8 quel momento prima del live in cui scopri un\u2019artista visiva che ti lascia a bocca aperta. \u00c8 un panino fatto bene, condiviso tra una corsa sotto il sole e una chiacchiera sotto le stelle.<\/h4><\/div>\n\n\n\n<div class=\"wp-block-getwid-advanced-heading\"><h5 class=\"wp-block-getwid-advanced-heading__content\" style=\"text-align:center;margin-left:10px;margin-right:10px\">Scrivici. LET\u2019S \u00e8 un festival che nasce dal dialogo, dalla rete, dalle connessioni reali. Rispondiamo sempre \u2014 magari non subito (soprattutto ad agosto), ma sempre col cuore.<\/h5><\/div>\n<\/div><\/div>\n\n\n\n<div class=\"wp-block-uagb-container uagb-block-a46a802d alignfull uagb-is-root-container\">\n<figure class=\"wp-block-image alignwide size-large\"><img loading=\"lazy\" decoding=\"async\" width=\"1024\" height=\"30\" src=\"https:\/\/gbarone.isialab.it\/lets_festival_2025\/wp-content\/uploads\/2025\/09\/pallini_cornice-1024x30.webp\" alt=\"\" class=\"wp-image-4273\" srcset=\"https:\/\/gbarone.isialab.it\/lets_festival_2025\/wp-content\/uploads\/2025\/09\/pallini_cornice-1024x30.webp 1024w, https:\/\/gbarone.isialab.it\/lets_festival_2025\/wp-content\/uploads\/2025\/09\/pallini_cornice-300x9.webp 300w, https:\/\/gbarone.isialab.it\/lets_festival_2025\/wp-content\/uploads\/2025\/09\/pallini_cornice-768x22.webp 768w, https:\/\/gbarone.isialab.it\/lets_festival_2025\/wp-content\/uploads\/2025\/09\/pallini_cornice-1536x44.webp 1536w, https:\/\/gbarone.isialab.it\/lets_festival_2025\/wp-content\/uploads\/2025\/09\/pallini_cornice.webp 1902w\" sizes=\"auto, (max-width: 1024px) 100vw, 1024px\" \/><\/figure>\n<\/div>\n\n\n\n<div class=\"wp-block-uagb-container uagb-block-d67d2c6c alignfull uagb-is-root-container\"><div class=\"uagb-container-inner-blocks-wrap\">\n<div class=\"wpcf7 no-js\" id=\"wpcf7-f425-o1\" lang=\"it-IT\" dir=\"ltr\" data-wpcf7-id=\"425\">\n<div class=\"screen-reader-response\"><p role=\"status\" aria-live=\"polite\" aria-atomic=\"true\"><\/p> <ul><\/ul><\/div>\n<form action=\"\/lets_festival_2025\/wp-json\/wp\/v2\/pages\/38#wpcf7-f425-o1\" method=\"post\" class=\"wpcf7-form init\" aria-label=\"Modulo di contatto\" novalidate=\"novalidate\" data-status=\"init\">\n<fieldset class=\"hidden-fields-container\"><input type=\"hidden\" name=\"_wpcf7\" value=\"425\" \/><input type=\"hidden\" name=\"_wpcf7_version\" value=\"6.1.5\" \/><input type=\"hidden\" name=\"_wpcf7_locale\" value=\"it_IT\" \/><input type=\"hidden\" name=\"_wpcf7_unit_tag\" value=\"wpcf7-f425-o1\" \/><input type=\"hidden\" name=\"_wpcf7_container_post\" value=\"0\" \/><input type=\"hidden\" name=\"_wpcf7_posted_data_hash\" value=\"\" \/>\n<\/fieldset>\n<p><label> E-mail<br \/>\n<span class=\"wpcf7-form-control-wrap\" data-name=\"your-email\"><input size=\"40\" maxlength=\"400\" class=\"wpcf7-form-control wpcf7-email wpcf7-validates-as-required wpcf7-text wpcf7-validates-as-email\" autocomplete=\"email\" aria-required=\"true\" aria-invalid=\"false\" value=\"\" type=\"email\" name=\"your-email\" \/><\/span> <\/label>\n<\/p>\n<p><label> Nome<br \/>\n<span class=\"wpcf7-form-control-wrap\" data-name=\"your-name\"><input size=\"40\" maxlength=\"400\" class=\"wpcf7-form-control wpcf7-text wpcf7-validates-as-required\" autocomplete=\"name\" aria-required=\"true\" aria-invalid=\"false\" value=\"\" type=\"text\" name=\"your-name\" \/><\/span> <\/label>\n<\/p>\n<p><label> Cognome<br \/>\n<span class=\"wpcf7-form-control-wrap\" data-name=\"your-surname\"><input size=\"40\" maxlength=\"400\" class=\"wpcf7-form-control wpcf7-text wpcf7-validates-as-required\" autocomplete=\"name\" aria-required=\"true\" aria-invalid=\"false\" value=\"\" type=\"text\" name=\"your-surname\" \/><\/span> <\/label>\n<\/p>\n<p><label> Il tuo messaggio<br \/>\n<span class=\"wpcf7-form-control-wrap\" data-name=\"your-message\"><textarea cols=\"40\" rows=\"10\" maxlength=\"2000\" class=\"wpcf7-form-control wpcf7-textarea wpcf7-validates-as-required\" aria-required=\"true\" aria-invalid=\"false\" name=\"your-message\"><\/textarea><\/span> <\/label>\n<\/p>\n<p><span class=\"wpcf7-form-control-wrap\" data-name=\"trattamentodati\"><span class=\"wpcf7-form-control wpcf7-acceptance\"><span class=\"wpcf7-list-item\"><label><input type=\"checkbox\" name=\"trattamentodati\" value=\"1\" aria-invalid=\"false\" \/><span class=\"wpcf7-list-item-label\">Accetto il trattamento dei dati e leggi la nostra <a href=\"https:\/\/www.iubenda.com\/privacy-policy\/26697687\" target=\"_blank\"> privacy policy<\/a><\/span><\/label><\/span><\/span><\/span>\n<\/p>\n<p><input class=\"wpcf7-form-control wpcf7-submit has-spinner\" type=\"submit\" value=\"Invia\" \/>\n<\/p><div class=\"wpcf7-response-output\" aria-hidden=\"true\"><\/div>\n<\/form>\n<\/div>\n\n<\/div><\/div>\n","protected":false},"excerpt":{"rendered":"","protected":false},"author":1,"featured_media":0,"parent":0,"menu_order":0,"comment_status":"closed","ping_status":"closed","template":"","meta":{"_acf_changed":false,"inline_featured_image":false,"_uag_custom_page_level_css":"","site-sidebar-layout":"default","site-content-layout":"","ast-site-content-layout":"default","site-content-style":"default","site-sidebar-style":"default","ast-global-header-display":"","ast-banner-title-visibility":"","ast-main-header-display":"","ast-hfb-above-header-display":"","ast-hfb-below-header-display":"","ast-hfb-mobile-header-display":"","site-post-title":"disabled","ast-breadcrumbs-content":"","ast-featured-img":"","footer-sml-layout":"","theme-transparent-header-meta":"","adv-header-id-meta":"","stick-header-meta":"","header-above-stick-meta":"","header-main-stick-meta":"","header-below-stick-meta":"","astra-migrate-meta-layouts":"default","ast-page-background-enabled":"default","ast-page-background-meta":{"desktop":{"background-color":"var(--ast-global-color-4)","background-image":"","background-repeat":"repeat","background-position":"center center","background-size":"auto","background-attachment":"scroll","background-type":"","background-media":"","overlay-type":"","overlay-color":"","overlay-opacity":"","overlay-gradient":""},"tablet":{"background-color":"","background-image":"","background-repeat":"repeat","background-position":"center center","background-size":"auto","background-attachment":"scroll","background-type":"","background-media":"","overlay-type":"","overlay-color":"","overlay-opacity":"","overlay-gradient":""},"mobile":{"background-color":"","background-image":"","background-repeat":"repeat","background-position":"center center","background-size":"auto","background-attachment":"scroll","background-type":"","background-media":"","overlay-type":"","overlay-color":"","overlay-opacity":"","overlay-gradient":""}},"ast-content-background-meta":{"desktop":{"background-color":"var(--ast-global-color-5)","background-image":"","background-repeat":"repeat","background-position":"center center","background-size":"auto","background-attachment":"scroll","background-type":"","background-media":"","overlay-type":"","overlay-color":"","overlay-opacity":"","overlay-gradient":""},"tablet":{"background-color":"var(--ast-global-color-5)","background-image":"","background-repeat":"repeat","background-position":"center center","background-size":"auto","background-attachment":"scroll","background-type":"","background-media":"","overlay-type":"","overlay-color":"","overlay-opacity":"","overlay-gradient":""},"mobile":{"background-color":"var(--ast-global-color-5)","background-image":"","background-repeat":"repeat","background-position":"center center","background-size":"auto","background-attachment":"scroll","background-type":"","background-media":"","overlay-type":"","overlay-color":"","overlay-opacity":"","overlay-gradient":""}},"pgc_sgb_lightbox_settings":"","footnotes":""},"class_list":["post-38","page","type-page","status-publish","hentry"],"acf":[],"yoast_head":"<!-- This site is optimized with the Yoast SEO plugin v27.4 - https:\/\/yoast.com\/product\/yoast-seo-wordpress\/ -->\n<title>LET&#039;S Festival 2025 - Contattaci - LET&#039;S Festival<\/title>\n<meta name=\"description\" content=\"CONTATTACI Compila il modulo di LET&#039;S Festival per maggiori informazioni!\" \/>\n<meta name=\"robots\" content=\"index, follow, max-snippet:-1, max-image-preview:large, max-video-preview:-1\" \/>\n<link rel=\"canonical\" href=\"https:\/\/gbarone.isialab.it\/lets_festival_2025\/contattaci\/\" \/>\n<meta property=\"og:locale\" content=\"it_IT\" \/>\n<meta property=\"og:type\" content=\"article\" \/>\n<meta property=\"og:title\" content=\"LET&#039;S Festival 2025 - Contattaci - LET&#039;S Festival\" \/>\n<meta property=\"og:description\" content=\"CONTATTACI Compila il modulo di LET&#039;S Festival per maggiori informazioni!\" \/>\n<meta property=\"og:url\" content=\"https:\/\/gbarone.isialab.it\/lets_festival_2025\/contattaci\/\" \/>\n<meta property=\"article:modified_time\" content=\"2025-09-15T16:33:03+00:00\" \/>\n<meta property=\"og:image\" content=\"https:\/\/gbarone.isialab.it\/lets_festival_2025\/wp-content\/uploads\/2025\/09\/pallini_cornice.webp\" \/>\n\t<meta property=\"og:image:width\" content=\"1902\" \/>\n\t<meta property=\"og:image:height\" content=\"55\" \/>\n\t<meta property=\"og:image:type\" content=\"image\/webp\" \/>\n<meta name=\"twitter:card\" content=\"summary_large_image\" \/>\n<meta name=\"twitter:label1\" content=\"Tempo di lettura stimato\" \/>\n\t<meta name=\"twitter:data1\" content=\"1 minuto\" \/>\n<script type=\"application\/ld+json\" class=\"yoast-schema-graph\">{\"@context\":\"https:\\\/\\\/schema.org\",\"@graph\":[{\"@type\":\"WebPage\",\"@id\":\"https:\\\/\\\/gbarone.isialab.it\\\/lets_festival_2025\\\/contattaci\\\/\",\"url\":\"https:\\\/\\\/gbarone.isialab.it\\\/lets_festival_2025\\\/contattaci\\\/\",\"name\":\"LET'S Festival 2025 - Contattaci - LET'S Festival\",\"isPartOf\":{\"@id\":\"https:\\\/\\\/gbarone.isialab.it\\\/lets_festival_2025\\\/#website\"},\"primaryImageOfPage\":{\"@id\":\"https:\\\/\\\/gbarone.isialab.it\\\/lets_festival_2025\\\/contattaci\\\/#primaryimage\"},\"image\":{\"@id\":\"https:\\\/\\\/gbarone.isialab.it\\\/lets_festival_2025\\\/contattaci\\\/#primaryimage\"},\"thumbnailUrl\":\"https:\\\/\\\/gbarone.isialab.it\\\/lets_festival_2025\\\/wp-content\\\/uploads\\\/2025\\\/09\\\/pallini_cornice-1024x30.webp\",\"datePublished\":\"2025-08-13T16:12:32+00:00\",\"dateModified\":\"2025-09-15T16:33:03+00:00\",\"description\":\"CONTATTACI Compila il modulo di LET'S Festival per maggiori informazioni!\",\"breadcrumb\":{\"@id\":\"https:\\\/\\\/gbarone.isialab.it\\\/lets_festival_2025\\\/contattaci\\\/#breadcrumb\"},\"inLanguage\":\"it-IT\",\"potentialAction\":[{\"@type\":\"ReadAction\",\"target\":[\"https:\\\/\\\/gbarone.isialab.it\\\/lets_festival_2025\\\/contattaci\\\/\"]}]},{\"@type\":\"ImageObject\",\"inLanguage\":\"it-IT\",\"@id\":\"https:\\\/\\\/gbarone.isialab.it\\\/lets_festival_2025\\\/contattaci\\\/#primaryimage\",\"url\":\"https:\\\/\\\/gbarone.isialab.it\\\/lets_festival_2025\\\/wp-content\\\/uploads\\\/2025\\\/09\\\/pallini_cornice.webp\",\"contentUrl\":\"https:\\\/\\\/gbarone.isialab.it\\\/lets_festival_2025\\\/wp-content\\\/uploads\\\/2025\\\/09\\\/pallini_cornice.webp\",\"width\":1902,\"height\":55},{\"@type\":\"BreadcrumbList\",\"@id\":\"https:\\\/\\\/gbarone.isialab.it\\\/lets_festival_2025\\\/contattaci\\\/#breadcrumb\",\"itemListElement\":[{\"@type\":\"ListItem\",\"position\":1,\"name\":\"Home\",\"item\":\"https:\\\/\\\/gbarone.isialab.it\\\/lets_festival_2025\\\/\"},{\"@type\":\"ListItem\",\"position\":2,\"name\":\"CONTATTACI\"}]},{\"@type\":\"WebSite\",\"@id\":\"https:\\\/\\\/gbarone.isialab.it\\\/lets_festival_2025\\\/#website\",\"url\":\"https:\\\/\\\/gbarone.isialab.it\\\/lets_festival_2025\\\/\",\"name\":\"\",\"description\":\"\",\"potentialAction\":[{\"@type\":\"SearchAction\",\"target\":{\"@type\":\"EntryPoint\",\"urlTemplate\":\"https:\\\/\\\/gbarone.isialab.it\\\/lets_festival_2025\\\/?s={search_term_string}\"},\"query-input\":{\"@type\":\"PropertyValueSpecification\",\"valueRequired\":true,\"valueName\":\"search_term_string\"}}],\"inLanguage\":\"it-IT\"}]}<\/script>\n<!-- \/ Yoast SEO plugin. -->","yoast_head_json":{"title":"LET'S Festival 2025 - Contattaci - LET'S Festival","description":"CONTATTACI Compila il modulo di LET'S Festival per maggiori informazioni!","robots":{"index":"index","follow":"follow","max-snippet":"max-snippet:-1","max-image-preview":"max-image-preview:large","max-video-preview":"max-video-preview:-1"},"canonical":"https:\/\/gbarone.isialab.it\/lets_festival_2025\/contattaci\/","og_locale":"it_IT","og_type":"article","og_title":"LET'S Festival 2025 - Contattaci - LET'S Festival","og_description":"CONTATTACI Compila il modulo di LET'S Festival per maggiori informazioni!","og_url":"https:\/\/gbarone.isialab.it\/lets_festival_2025\/contattaci\/","article_modified_time":"2025-09-15T16:33:03+00:00","og_image":[{"width":1902,"height":55,"url":"https:\/\/gbarone.isialab.it\/lets_festival_2025\/wp-content\/uploads\/2025\/09\/pallini_cornice.webp","type":"image\/webp"}],"twitter_card":"summary_large_image","twitter_misc":{"Tempo di lettura stimato":"1 minuto"},"schema":{"@context":"https:\/\/schema.org","@graph":[{"@type":"WebPage","@id":"https:\/\/gbarone.isialab.it\/lets_festival_2025\/contattaci\/","url":"https:\/\/gbarone.isialab.it\/lets_festival_2025\/contattaci\/","name":"LET'S Festival 2025 - Contattaci - LET'S Festival","isPartOf":{"@id":"https:\/\/gbarone.isialab.it\/lets_festival_2025\/#website"},"primaryImageOfPage":{"@id":"https:\/\/gbarone.isialab.it\/lets_festival_2025\/contattaci\/#primaryimage"},"image":{"@id":"https:\/\/gbarone.isialab.it\/lets_festival_2025\/contattaci\/#primaryimage"},"thumbnailUrl":"https:\/\/gbarone.isialab.it\/lets_festival_2025\/wp-content\/uploads\/2025\/09\/pallini_cornice-1024x30.webp","datePublished":"2025-08-13T16:12:32+00:00","dateModified":"2025-09-15T16:33:03+00:00","description":"CONTATTACI Compila il modulo di LET'S Festival per maggiori informazioni!","breadcrumb":{"@id":"https:\/\/gbarone.isialab.it\/lets_festival_2025\/contattaci\/#breadcrumb"},"inLanguage":"it-IT","potentialAction":[{"@type":"ReadAction","target":["https:\/\/gbarone.isialab.it\/lets_festival_2025\/contattaci\/"]}]},{"@type":"ImageObject","inLanguage":"it-IT","@id":"https:\/\/gbarone.isialab.it\/lets_festival_2025\/contattaci\/#primaryimage","url":"https:\/\/gbarone.isialab.it\/lets_festival_2025\/wp-content\/uploads\/2025\/09\/pallini_cornice.webp","contentUrl":"https:\/\/gbarone.isialab.it\/lets_festival_2025\/wp-content\/uploads\/2025\/09\/pallini_cornice.webp","width":1902,"height":55},{"@type":"BreadcrumbList","@id":"https:\/\/gbarone.isialab.it\/lets_festival_2025\/contattaci\/#breadcrumb","itemListElement":[{"@type":"ListItem","position":1,"name":"Home","item":"https:\/\/gbarone.isialab.it\/lets_festival_2025\/"},{"@type":"ListItem","position":2,"name":"CONTATTACI"}]},{"@type":"WebSite","@id":"https:\/\/gbarone.isialab.it\/lets_festival_2025\/#website","url":"https:\/\/gbarone.isialab.it\/lets_festival_2025\/","name":"","description":"","potentialAction":[{"@type":"SearchAction","target":{"@type":"EntryPoint","urlTemplate":"https:\/\/gbarone.isialab.it\/lets_festival_2025\/?s={search_term_string}"},"query-input":{"@type":"PropertyValueSpecification","valueRequired":true,"valueName":"search_term_string"}}],"inLanguage":"it-IT"}]}},"uagb_featured_image_src":{"full":false,"thumbnail":false,"medium":false,"medium_large":false,"large":false,"1536x1536":false,"2048x2048":false},"uagb_author_info":{"display_name":"admin","author_link":"https:\/\/gbarone.isialab.it\/lets_festival_2025\/author\/admin\/"},"uagb_comment_info":0,"uagb_excerpt":null,"_links":{"self":[{"href":"https:\/\/gbarone.isialab.it\/lets_festival_2025\/wp-json\/wp\/v2\/pages\/38","targetHints":{"allow":["GET"]}}],"collection":[{"href":"https:\/\/gbarone.isialab.it\/lets_festival_2025\/wp-json\/wp\/v2\/pages"}],"about":[{"href":"https:\/\/gbarone.isialab.it\/lets_festival_2025\/wp-json\/wp\/v2\/types\/page"}],"author":[{"embeddable":true,"href":"https:\/\/gbarone.isialab.it\/lets_festival_2025\/wp-json\/wp\/v2\/users\/1"}],"replies":[{"embeddable":true,"href":"https:\/\/gbarone.isialab.it\/lets_festival_2025\/wp-json\/wp\/v2\/comments?post=38"}],"version-history":[{"count":31,"href":"https:\/\/gbarone.isialab.it\/lets_festival_2025\/wp-json\/wp\/v2\/pages\/38\/revisions"}],"predecessor-version":[{"id":5658,"href":"https:\/\/gbarone.isialab.it\/lets_festival_2025\/wp-json\/wp\/v2\/pages\/38\/revisions\/5658"}],"wp:attachment":[{"href":"https:\/\/gbarone.isialab.it\/lets_festival_2025\/wp-json\/wp\/v2\/media?parent=38"}],"curies":[{"name":"wp","href":"https:\/\/api.w.org\/{rel}","templated":true}]}}